{"id":52,"date":"2026-01-08T08:11:35","date_gmt":"2026-01-08T07:11:35","guid":{"rendered":"https:\/\/pyrekiprzyjaciele.geekhost.pl\/?page_id=52"},"modified":"2026-03-02T14:28:50","modified_gmt":"2026-03-02T13:28:50","slug":"o-nas-niepubliczne-przedszkole-pyrek-i-przyjaciele","status":"publish","type":"page","link":"https:\/\/pyrekiprzyjaciele.pl\/?page_id=52","title":{"rendered":""},"content":{"rendered":"\n<h2 class=\"wp-block-heading has-secondary-color has-text-color has-link-color wp-elements-7062112dbf61c2427e93f33368e74512\">Nasza misja<\/h2>\n\n\n\n<p>Misj\u0105 Przedszkola \u201ePyrek i Przyjaciele\u201d jest tworzenie bezpiecznego, radosnego i inspiruj\u0105cego miejsca, w kt\u00f3rym ka\u017cde dziecko czuje si\u0119 wyj\u0105tkowe, wa\u017cne, akceptowane i kochane.<\/p>\n\n\n\n<p>Wspieramy wszechstronny rozw\u00f3j dzieci \u2013 emocjonalny, spo\u0142eczny, poznawczy i fizyczny \u2013 poprzez zabaw\u0119, edukacj\u0119, aktywno\u015b\u0107 ruchow\u0105, odkrywanie \u015bwiata oraz budowanie relacji opartych na szacunku i \u017cyczliwo\u015bci.<\/p>\n\n\n\n<p>Kszta\u0142tujemy w dzieciach ciekawo\u015b\u0107 otaczaj\u0105cego nas \u015bwiata, samodzielno\u015b\u0107 oraz wiar\u0119 we w\u0142asne mo\u017cliwo\u015bci. Uczymy wsp\u00f3\u0142pracy, szacunku, empatii i odpowiedzialno\u015bci, pomagaj\u0105c najm\u0142odszym rozwija\u0107 kompetencje potrzebne w dalszej edukacji i codziennym \u017cyciu.<\/p>\n\n\n\n<p>Wsp\u00f3\u0142pracujemy z rodzicami jako partnerami plac\u00f3wki w procesie wychowania i edukacji, wsp\u00f3lnie dbaj\u0105c o harmonijny rozw\u00f3j ka\u017cdego dziecka. \u201ePyrek i Przyjaciele\u201d to miejsce, w kt\u00f3rym dzieci wzrastaj\u0105 i rozwijaj\u0105 si\u0119 w atmosferze ciep\u0142a, szacunku, akceptacji, zrozumienia i rado\u015bci odkrywania.<\/p>\n\n\n\n<h2 class=\"wp-block-heading\">Nasze przedszkole<\/h2>\n\n\n\n<p>Przedszkole znajduje si\u0119 w spokojnej, dobrze skomunikowanej cz\u0119\u015bci Poznania przy&nbsp;ul. Mazowieckiej 20 (So\u0142acz). Dysponujemy s\u0142onecznymi i przestronnymi salami, kt\u00f3re s\u0105 przystosowane do potrzeb dzieci w r\u00f3\u017cnym wieku. Wyj\u0105tkowym autem jest wspania\u0142y, przestronny ogr\u00f3d, gdzie dzieci mog\u0105 rozwija\u0107 sprawno\u015b\u0107 fizyczn\u0105 i nawi\u0105zywa\u0107 pierwsze przyja\u017anie.<\/p>\n\n\n\n<p>Zapraszamy Pa\u0144stwa do plac\u00f3wki \u2013 by poczu\u0107 jej rodzinn\u0105 atmosfer\u0119, pozna\u0107 zesp\u00f3\u0142 i zobaczy\u0107, jak wygl\u0105da nasz wsp\u00f3lny dzie\u0144.<\/p>\n\n\n\n<p>Razem z \u201ePyrkiem i Przyjaci\u00f3\u0142mi\u201d ka\u017cdego dnia piszemy pi\u0119kn\u0105, dzieci\u0119c\u0105 histori\u0119.<\/p>\n\n\n\n<h2 class=\"wp-block-heading\">Wyj\u0105tkowa oferta zaj\u0119\u0107 dodatkowych w ramach czesnego<\/h2>\n\n\n\n<p>Przygotowali\u015bmy <strong>wyj\u0105tkow\u0105 ofert\u0119 zaj\u0119\u0107 dodatkowych<\/strong>, kt\u00f3re pobudz\u0105 wyobra\u017ani\u0119 i&nbsp;kreatywno\u015b\u0107 dzieci, a&nbsp;tak\u017ce poszerz\u0105 ich wiedz\u0119 o&nbsp;sobie samym, drugim cz\u0142owieku, o&nbsp;kraju i&nbsp;\u015bwiecie. W&nbsp;Przedszkolu \u201ePyrek i Przyjaciele\u201d dzieci realizuj\u0105&nbsp;<strong>Podstaw\u0119 Programow\u0105 MEN, a <\/strong>&nbsp;ponadto (w&nbsp;ramach czesnego), korzystaj\u0105 z&nbsp;ciekawych i inspiruj\u0105cych zaj\u0119\u0107 grupowych.<\/p>\n\n\n\n<div class=\"wp-block-columns alignfull has-text-color has-background is-layout-flex wp-container-core-columns-is-layout-28f84493 wp-block-columns-is-layout-flex\" style=\"color:#000000;background-color:#ffffff\">\n<div class=\"wp-block-column is-layout-flow wp-block-column-is-layout-flow\">\n<h3 data-wp-context---core-fit-text=\"core\/fit-text::{&quot;fontSize&quot;:&quot;&quot;}\" data-wp-init---core-fit-text=\"core\/fit-text::callbacks.init\" data-wp-interactive data-wp-style--font-size=\"core\/fit-text::context.fontSize\" class=\"wp-block-heading has-fit-text has-vivid-red-color has-text-color has-link-color wp-elements-51fca495e77df00905c9b5cad1b6f623\" style=\"font-size:24px;line-height:1.3\"><a href=\"https:\/\/wordpress.org\"><strong>Zaj\u0119cia muzyczno-rytmiczne<\/strong><\/a><\/h3>\n<\/div>\n\n\n\n<div class=\"wp-block-column is-layout-flow wp-block-column-is-layout-flow\">\n<h3 data-wp-context---core-fit-text=\"core\/fit-text::{&quot;fontSize&quot;:&quot;&quot;}\" data-wp-init---core-fit-text=\"core\/fit-text::callbacks.init\" data-wp-interactive data-wp-style--font-size=\"core\/fit-text::context.fontSize\" class=\"wp-block-heading has-fit-text has-vivid-red-color has-text-color has-link-color wp-elements-889474331df71474f918a66f1cc1a819\" style=\"font-size:24px;line-height:1.3\"><strong><a href=\"https:\/\/wordpress.org\"><strong>Gordonki<\/strong><\/a><\/strong> <\/h3>\n<\/div>\n\n\n\n<div class=\"wp-block-column is-layout-flow wp-block-column-is-layout-flow\">\n<h3 data-wp-context---core-fit-text=\"core\/fit-text::{&quot;fontSize&quot;:&quot;&quot;}\" data-wp-init---core-fit-text=\"core\/fit-text::callbacks.init\" data-wp-interactive data-wp-style--font-size=\"core\/fit-text::context.fontSize\" class=\"wp-block-heading has-fit-text has-vivid-red-color has-text-color has-link-color wp-elements-26b2b3889c02a0bedb5f164f78469605\" style=\"font-size:24px;line-height:1.3\"><strong><a href=\"https:\/\/wordpress.org\"><strong>Zaj\u0119cia ruchowe<\/strong><\/a><\/strong><\/h3>\n<\/div>\n<\/div>\n\n\n\n<div class=\"wp-block-columns alignfull has-text-color has-background is-layout-flex wp-container-core-columns-is-layout-28f84493 wp-block-columns-is-layout-flex\" style=\"color:#000000;background-color:#ffffff\">\n<div class=\"wp-block-column is-layout-flow wp-block-column-is-layout-flow\">\n<h3 data-wp-context---core-fit-text=\"core\/fit-text::{&quot;fontSize&quot;:&quot;&quot;}\" data-wp-init---core-fit-text=\"core\/fit-text::callbacks.init\" data-wp-interactive data-wp-style--font-size=\"core\/fit-text::context.fontSize\" class=\"wp-block-heading has-fit-text has-vivid-red-color has-text-color has-link-color wp-elements-f169f32bfbc5c1b24ed679095cd0359a\" style=\"font-size:24px;line-height:1.3\"><strong><a href=\"https:\/\/wordpress.org\"><strong>Zaj\u0119cia plastyczne\/ kreatywne<\/strong><\/a><\/strong><\/h3>\n<\/div>\n\n\n\n<div class=\"wp-block-column is-layout-flow wp-block-column-is-layout-flow\">\n<h3 data-wp-context---core-fit-text=\"core\/fit-text::{&quot;fontSize&quot;:&quot;&quot;}\" data-wp-init---core-fit-text=\"core\/fit-text::callbacks.init\" data-wp-interactive data-wp-style--font-size=\"core\/fit-text::context.fontSize\" class=\"wp-block-heading has-fit-text has-vivid-red-color has-text-color has-link-color wp-elements-9326a2ad684f22f7d9c82647c1f1477d\" style=\"font-size:24px;line-height:1.3\"><strong><a href=\"https:\/\/wordpress.org\"><strong>J\u0119zyk angielski<\/strong><\/a><\/strong><\/h3>\n<\/div>\n\n\n\n<div class=\"wp-block-column is-layout-flow wp-block-column-is-layout-flow\">\n<h3 data-wp-context---core-fit-text=\"core\/fit-text::{&quot;fontSize&quot;:&quot;&quot;}\" data-wp-init---core-fit-text=\"core\/fit-text::callbacks.init\" data-wp-interactive data-wp-style--font-size=\"core\/fit-text::context.fontSize\" class=\"wp-block-heading has-fit-text has-vivid-red-color has-text-color has-link-color wp-elements-961bd6ebeabceefe3d6f7d59acfe590c\" style=\"font-size:24px;line-height:1.3\"><strong><a href=\"https:\/\/wordpress.org\"><strong>Logopedia<\/strong><\/a><\/strong><\/h3>\n<\/div>\n<\/div>\n\n\n\n<div class=\"wp-block-columns alignfull has-text-color has-background is-layout-flex wp-container-core-columns-is-layout-28f84493 wp-block-columns-is-layout-flex\" style=\"color:#000000;background-color:#ffffff\">\n<div class=\"wp-block-column is-layout-flow wp-block-column-is-layout-flow\">\n<h3 data-wp-context---core-fit-text=\"core\/fit-text::{&quot;fontSize&quot;:&quot;&quot;}\" data-wp-init---core-fit-text=\"core\/fit-text::callbacks.init\" data-wp-interactive data-wp-style--font-size=\"core\/fit-text::context.fontSize\" class=\"wp-block-heading has-fit-text has-vivid-red-color has-text-color has-link-color wp-elements-afe91616de4376ae46ff9bbe15df8270\" style=\"font-size:24px;line-height:1.3\"><strong><a href=\"https:\/\/wordpress.org\"><strong>Taniec ludowy<\/strong><\/a><\/strong><\/h3>\n<\/div>\n\n\n\n<div class=\"wp-block-column is-layout-flow wp-block-column-is-layout-flow\">\n<h3 data-wp-context---core-fit-text=\"core\/fit-text::{&quot;fontSize&quot;:&quot;&quot;}\" data-wp-init---core-fit-text=\"core\/fit-text::callbacks.init\" data-wp-interactive data-wp-style--font-size=\"core\/fit-text::context.fontSize\" class=\"wp-block-heading has-fit-text has-vivid-red-color has-text-color has-link-color wp-elements-9b2cc0698226f0ecd580e3ee9bc348ff\" style=\"font-size:24px;line-height:1.3\"><strong><a href=\"https:\/\/wordpress.org\"><strong>Zaj\u0119cia teatralne, przyrodnicze, sportowe <\/strong><\/a><\/strong><\/h3>\n<\/div>\n\n\n\n<div class=\"wp-block-column is-layout-flow wp-block-column-is-layout-flow\">\n<h3 class=\"wp-block-heading has-vivid-red-color has-text-color has-link-color wp-elements-637437ce34d2b8a65adf7c8052562e11\" style=\"font-size:24px;line-height:1.3\"><strong><a href=\"https:\/\/wordpress.org\"><strong>Edukacja ekologiczna w ogrodzie dendrologicznym<\/strong><\/a><\/strong><\/h3>\n<\/div>\n<\/div>\n\n\n\n<h2 class=\"wp-block-heading\">Co oferujemy w ramach opieki przedszkolnej:<\/h2>\n\n\n\n<ul class=\"wp-block-list\">\n<li>Realizacj\u0119 podstawy programowej MEN&nbsp;\u2013 poprzez nowoczesne i aktywizuj\u0105ce metody pracy.<\/li>\n\n\n\n<li>Zaj\u0119cia dodatkowe w ramach czesnego&nbsp;\u2013 gordonki, zaj\u0119cia muzyczno-rytmiczne, ruchowe, plastyczne\/ kreatywne, j\u0119zyk angielski, logopedia, taniec ludowy, zaj\u0119cia teatralne, przyrodnicze, sportowe, edukacj\u0119 ekologiczn\u0105 w ogrodzie dendrologicznym.<\/li>\n\n\n\n<li>Wsparcie specjalist\u00f3w&nbsp;\u2013 konsultacje z logoped\u0105 i psychologiem.<\/li>\n\n\n\n<li>Zdrowe, domowe wy\u017cywienie&nbsp;(\u015bniadanie, obiad, podwieczorek) &#8211; &nbsp;przygotowywane z uwzgl\u0119dnieniem diet.<\/li>\n\n\n\n<li>Kompleksowe przygotowanie do szko\u0142y&nbsp;\u2013 program \u201eMa\u0142y Ucze\u0144\u201d rozwijaj\u0105cy gotowo\u015b\u0107 szkoln\u0105.<\/li>\n<\/ul>\n\n\n\n<h2 class=\"wp-block-heading\">Pracujemy wg nast\u0119puj\u0105cych metod:<\/h2>\n\n\n\n<ul class=\"wp-block-list\">\n<li>Odimienna nauka czytania Ireny Majchrzak.<\/li>\n\n\n\n<li>Pedagogika zabawy, drama, terapia r\u0119ki, bajkoterapia.<\/li>\n\n\n\n<li>Metody ruchu rozwijaj\u0105cego Weroniki Sherborne, kinezjologii edukacyjnej Paula Dennisona i dobrego startu Marty Bogdanowicz.<\/li>\n<\/ul>\n\n\n\n<h2 class=\"wp-block-heading\">Nasze atuty:<\/h2>\n\n\n\n<ul class=\"wp-block-list\">\n<li>Uwa\u017cno\u015b\u0107 na potrzeby dziecka.<\/li>\n\n\n\n<li>Kameralne warunki (plac\u00f3wka prowadzi 2 oddzia\u0142y).<\/li>\n\n\n\n<li>Ciep\u0142y, rodzinny klimat.<\/li>\n\n\n\n<li>Pi\u0119kny, du\u017cy ogr\u00f3d.<\/li>\n\n\n\n<li>Codzienne zaj\u0119cia na \u015bwie\u017cym powietrzu.<\/li>\n<\/ul>\n","protected":false},"excerpt":{"rendered":"<p>Nasza misja Misj\u0105 Przedszkola \u201ePyrek i Przyjaciele\u201d jest tworzenie bezpiecznego, radosnego i inspiruj\u0105cego miejsca, w kt\u00f3rym ka\u017cde dziecko czuje si\u0119 wyj\u0105tkowe, wa\u017cne, akceptowane i kochane. Wspieramy wszechstronny rozw\u00f3j dzieci \u2013 emocjonalny, spo\u0142eczny, poznawczy i fizyczny \u2013 poprzez zabaw\u0119, edukacj\u0119, aktywno\u015b\u0107 ruchow\u0105, odkrywanie \u015bwiata oraz budowanie relacji opartych na szacunku i \u017cyczliwo\u015bci. Kszta\u0142tujemy w dzieciach ciekawo\u015b\u0107 [&hellip;]<\/p>\n","protected":false},"author":1,"featured_media":0,"parent":0,"menu_order":0,"comment_status":"closed","ping_status":"closed","template":"","meta":{"footnotes":""},"class_list":["post-52","page","type-page","status-publish","hentry"],"_links":{"self":[{"href":"https:\/\/pyrekiprzyjaciele.pl\/index.php?rest_route=\/wp\/v2\/pages\/52","targetHints":{"allow":["GET"]}}],"collection":[{"href":"https:\/\/pyrekiprzyjaciele.pl\/index.php?rest_route=\/wp\/v2\/pages"}],"about":[{"href":"https:\/\/pyrekiprzyjaciele.pl\/index.php?rest_route=\/wp\/v2\/types\/page"}],"author":[{"embeddable":true,"href":"https:\/\/pyrekiprzyjaciele.pl\/index.php?rest_route=\/wp\/v2\/users\/1"}],"replies":[{"embeddable":true,"href":"https:\/\/pyrekiprzyjaciele.pl\/index.php?rest_route=%2Fwp%2Fv2%2Fcomments&post=52"}],"version-history":[{"count":35,"href":"https:\/\/pyrekiprzyjaciele.pl\/index.php?rest_route=\/wp\/v2\/pages\/52\/revisions"}],"predecessor-version":[{"id":273,"href":"https:\/\/pyrekiprzyjaciele.pl\/index.php?rest_route=\/wp\/v2\/pages\/52\/revisions\/273"}],"wp:attachment":[{"href":"https:\/\/pyrekiprzyjaciele.pl\/index.php?rest_route=%2Fwp%2Fv2%2Fmedia&parent=52"}],"curies":[{"name":"wp","href":"https:\/\/api.w.org\/{rel}","templated":true}]}}