{"id":54,"date":"2026-01-08T08:14:15","date_gmt":"2026-01-08T07:14:15","guid":{"rendered":"https:\/\/pyrekiprzyjaciele.geekhost.pl\/?page_id=54"},"modified":"2026-03-02T14:30:12","modified_gmt":"2026-03-02T13:30:12","slug":"oferta-przedszkole-pyrek-i-przyjaciele","status":"publish","type":"page","link":"https:\/\/pyrekiprzyjaciele.pl\/?page_id=54","title":{"rendered":"Oferta &#8211; Przedszkole \u201ePyrek i Przyjaciele\u201d"},"content":{"rendered":"\n<h2 class=\"wp-block-heading\">Wyj\u0105tkowa oferta zaj\u0119\u0107 dodatkowych w ramach czesnego<\/h2>\n\n\n\n<p>Przygotowali\u015bmy&nbsp;<strong>wyj\u0105tkow\u0105 ofert\u0119 zaj\u0119\u0107 dodatkowych<\/strong>, kt\u00f3re pobudz\u0105 wyobra\u017ani\u0119 i&nbsp;kreatywno\u015b\u0107 dzieci, a&nbsp;tak\u017ce poszerz\u0105 ich wiedz\u0119 o&nbsp;sobie samym, drugim cz\u0142owieku, o&nbsp;kraju i&nbsp;\u015bwiecie. W&nbsp;Przedszkolu \u201ePyrek i Przyjaciele\u201d dzieci realizuj\u0105&nbsp;<strong>Podstaw\u0119 Programow\u0105 MEN, a&nbsp;<\/strong>&nbsp;ponadto (w&nbsp;ramach czesnego), korzystaj\u0105 z&nbsp;ciekawych i inspiruj\u0105cych zaj\u0119\u0107 grupowych.<\/p>\n\n\n\n<h3 class=\"wp-block-heading\"><a href=\"https:\/\/wordpress.org\/\"><strong>Zaj\u0119cia muzyczno-rytmiczne<\/strong><\/a><\/h3>\n\n\n\n<h3 class=\"wp-block-heading\"><strong><a href=\"https:\/\/wordpress.org\/\"><strong>Gordonki<\/strong><\/a><\/strong><\/h3>\n\n\n\n<h3 class=\"wp-block-heading\"><strong><a href=\"https:\/\/wordpress.org\/\"><strong>Zaj\u0119cia ruchowe<\/strong><\/a><\/strong><\/h3>\n\n\n\n<h3 class=\"wp-block-heading\"><strong><a href=\"https:\/\/wordpress.org\/\"><strong>Zaj\u0119cia plastyczne\/ kreatywne<\/strong><\/a><\/strong><\/h3>\n\n\n\n<h3 class=\"wp-block-heading\"><strong><a href=\"https:\/\/wordpress.org\/\"><strong>J\u0119zyk angielski<\/strong><\/a><\/strong><\/h3>\n\n\n\n<h3 class=\"wp-block-heading\"><strong><a href=\"https:\/\/wordpress.org\/\"><strong>Logopedia<\/strong><\/a><\/strong><\/h3>\n\n\n\n<h3 class=\"wp-block-heading\"><strong><a href=\"https:\/\/wordpress.org\/\"><strong>Taniec ludowy<\/strong><\/a><\/strong><\/h3>\n\n\n\n<h3 class=\"wp-block-heading\"><strong><a href=\"https:\/\/wordpress.org\/\"><strong>Zaj\u0119cia teatralne, przyrodnicze, sportowe<\/strong><\/a><\/strong><\/h3>\n\n\n\n<h3 class=\"wp-block-heading\"><strong><a href=\"https:\/\/wordpress.org\/\"><strong>Edukacja ekologiczna w ogrodzie dendrologicznym<\/strong><\/a><\/strong><\/h3>\n\n\n\n<h2 class=\"wp-block-heading\">Co oferujemy w ramach opieki przedszkolnej:<\/h2>\n\n\n\n<ul class=\"wp-block-list\">\n<li>Realizacj\u0119 podstawy programowej MEN\u00a0\u2013 poprzez nowoczesne i aktywizuj\u0105ce metody pracy.<\/li>\n\n\n\n<li>Zaj\u0119cia dodatkowe w ramach czesnego\u00a0\u2013 gordonki, zaj\u0119cia muzyczno-rytmiczne, ruchowe, plastyczne\/ kreatywne, j\u0119zyk angielski, logopedia, taniec ludowy, zaj\u0119cia teatralne, przyrodnicze, sportowe, edukacj\u0119 ekologiczn\u0105 w ogrodzie dendrologicznym.<\/li>\n\n\n\n<li>Wsparcie specjalist\u00f3w\u00a0\u2013 konsultacje z logoped\u0105 i psychologiem.<\/li>\n\n\n\n<li>Zdrowe, domowe wy\u017cywienie\u00a0(\u015bniadanie, obiad, podwieczorek) \u2013 \u00a0przygotowywane z uwzgl\u0119dnieniem diet.<\/li>\n\n\n\n<li>Kompleksowe przygotowanie do szko\u0142y\u00a0\u2013 program \u201eMa\u0142y Ucze\u0144\u201d rozwijaj\u0105cy gotowo\u015b\u0107 szkoln\u0105.<\/li>\n<\/ul>\n\n\n\n<h2 class=\"wp-block-heading\">Pracujemy wg nast\u0119puj\u0105cych metod:<\/h2>\n\n\n\n<ul class=\"wp-block-list\">\n<li>Odimienna nauka czytania Ireny Majchrzak.<\/li>\n\n\n\n<li>Pedagogika zabawy, drama, terapia r\u0119ki, bajkoterapia.<\/li>\n\n\n\n<li>Metody ruchu rozwijaj\u0105cego Weroniki Sherborne, kinezjologii edukacyjnej Paula Dennisona i dobrego startu Marty Bogdanowicz.<\/li>\n<\/ul>\n\n\n\n<h2 class=\"wp-block-heading\">Nasze atuty:<\/h2>\n\n\n\n<ul class=\"wp-block-list\">\n<li>Uwa\u017cno\u015b\u0107 na potrzeby dziecka.<\/li>\n\n\n\n<li>Kameralne warunki (plac\u00f3wka prowadzi 2 oddzia\u0142y).<\/li>\n\n\n\n<li>Ciep\u0142y, rodzinny klimat.<\/li>\n\n\n\n<li>Pi\u0119kny, du\u017cy ogr\u00f3d.<\/li>\n\n\n\n<li>Codzienne zaj\u0119cia na \u015bwie\u017cym powietrzu.<\/li>\n<\/ul>\n","protected":false},"excerpt":{"rendered":"<p>Wyj\u0105tkowa oferta zaj\u0119\u0107 dodatkowych w ramach czesnego Przygotowali\u015bmy&nbsp;wyj\u0105tkow\u0105 ofert\u0119 zaj\u0119\u0107 dodatkowych, kt\u00f3re pobudz\u0105 wyobra\u017ani\u0119 i&nbsp;kreatywno\u015b\u0107 dzieci, a&nbsp;tak\u017ce poszerz\u0105 ich wiedz\u0119 o&nbsp;sobie samym, drugim cz\u0142owieku, o&nbsp;kraju i&nbsp;\u015bwiecie. W&nbsp;Przedszkolu \u201ePyrek i Przyjaciele\u201d dzieci realizuj\u0105&nbsp;Podstaw\u0119 Programow\u0105 MEN, a&nbsp;&nbsp;ponadto (w&nbsp;ramach czesnego), korzystaj\u0105 z&nbsp;ciekawych i inspiruj\u0105cych zaj\u0119\u0107 grupowych. Zaj\u0119cia muzyczno-rytmiczne Gordonki Zaj\u0119cia ruchowe Zaj\u0119cia plastyczne\/ kreatywne J\u0119zyk angielski Logopedia Taniec [&hellip;]<\/p>\n","protected":false},"author":1,"featured_media":0,"parent":0,"menu_order":0,"comment_status":"closed","ping_status":"closed","template":"","meta":{"footnotes":""},"class_list":["post-54","page","type-page","status-publish","hentry"],"_links":{"self":[{"href":"https:\/\/pyrekiprzyjaciele.pl\/index.php?rest_route=\/wp\/v2\/pages\/54","targetHints":{"allow":["GET"]}}],"collection":[{"href":"https:\/\/pyrekiprzyjaciele.pl\/index.php?rest_route=\/wp\/v2\/pages"}],"about":[{"href":"https:\/\/pyrekiprzyjaciele.pl\/index.php?rest_route=\/wp\/v2\/types\/page"}],"author":[{"embeddable":true,"href":"https:\/\/pyrekiprzyjaciele.pl\/index.php?rest_route=\/wp\/v2\/users\/1"}],"replies":[{"embeddable":true,"href":"https:\/\/pyrekiprzyjaciele.pl\/index.php?rest_route=%2Fwp%2Fv2%2Fcomments&post=54"}],"version-history":[{"count":7,"href":"https:\/\/pyrekiprzyjaciele.pl\/index.php?rest_route=\/wp\/v2\/pages\/54\/revisions"}],"predecessor-version":[{"id":274,"href":"https:\/\/pyrekiprzyjaciele.pl\/index.php?rest_route=\/wp\/v2\/pages\/54\/revisions\/274"}],"wp:attachment":[{"href":"https:\/\/pyrekiprzyjaciele.pl\/index.php?rest_route=%2Fwp%2Fv2%2Fmedia&parent=54"}],"curies":[{"name":"wp","href":"https:\/\/api.w.org\/{rel}","templated":true}]}}