{"id":56,"date":"2026-01-08T08:15:53","date_gmt":"2026-01-08T07:15:53","guid":{"rendered":"https:\/\/pyrekiprzyjaciele.geekhost.pl\/?page_id=56"},"modified":"2026-02-27T10:56:10","modified_gmt":"2026-02-27T09:56:10","slug":"kontakt-niepubliczne-przedszkole-pyrek-i-przyjaciele","status":"publish","type":"page","link":"https:\/\/pyrekiprzyjaciele.pl\/?page_id=56","title":{"rendered":"Kontakt &#8211; Niepubliczne Przedszkole \u201ePyrek i Przyjaciele\u201d"},"content":{"rendered":"\n<div class=\"wp-block-group alignfull has-foreground-color has-extra-tertiary-background-color has-text-color has-background has-link-color wp-elements-f0655b541757e425daab302fc2a7642d is-layout-flow wp-block-group-is-layout-flow\" style=\"border-top-left-radius:15px;border-top-right-radius:15px;border-bottom-left-radius:15px;border-bottom-right-radius:15px;padding-right:var(--wp--preset--spacing--60);padding-left:var(--wp--preset--spacing--60)\">\n<div style=\"height:70px\" aria-hidden=\"true\" class=\"wp-block-spacer\"><\/div>\n\n\n\n<div class=\"wp-block-columns alignwide are-vertically-aligned-center is-layout-flex wp-container-core-columns-is-layout-28f84493 wp-block-columns-is-layout-flex\">\n<div class=\"wp-block-column is-layout-flow wp-block-column-is-layout-flow\" style=\"flex-basis:50%\">\n<p class=\"has-foreground-color has-text-color\" style=\"font-size:30px;line-height:1.1\"><strong><strong>Dane kontaktowe<\/strong><\/strong><\/p>\n<\/div>\n\n\n\n<div class=\"wp-block-column is-layout-flow wp-block-column-is-layout-flow\" style=\"flex-basis:50%\">\n<hr class=\"wp-block-separator has-text-color has-css-opacity has-background is-style-wide\" style=\"background-color:#000000;color:#000000\"\/>\n<\/div>\n<\/div>\n\n\n\n<div class=\"wp-block-columns alignwide is-layout-flex wp-container-core-columns-is-layout-28f84493 wp-block-columns-is-layout-flex\">\n<div class=\"wp-block-column is-layout-flow wp-block-column-is-layout-flow\">\n<p><strong>Niepubliczne Przedszkole \u201ePyrek i Przyjaciele\u201d<\/strong><\/p>\n\n\n\n<p><br>ul. Mazowiecka 20, 60-617 Pozna\u0144.<\/p>\n\n\n\n<p><\/p>\n\n\n\n<p><strong>Telefon:<\/strong>&nbsp;+48 602 573 781<br><strong>E-mail:<\/strong>&nbsp;<a href=\"mailto:koszraf@poczta.onet.pl\" target=\"_blank\" rel=\"noreferrer noopener\">koszraf@poczta.onet.pl<\/a><\/p>\n\n\n\n<p><strong>NIP:<\/strong>&nbsp;7822958566<\/p>\n<\/div>\n\n\n\n<div class=\"wp-block-column is-layout-flow wp-block-column-is-layout-flow\">\n<p class=\"has-foreground-color has-text-color has-extra-small-font-size\"><strong>Godziny otwarcia i dy\u017cury<\/strong><\/p>\n\n\n\n<p class=\"has-foreground-color has-text-color has-extra-small-font-size\"><strong>Przedszkole:<\/strong>&nbsp;Poniedzia\u0142ek \u2013 Pi\u0105tek,&nbsp;<strong>6:30 \u2013 17:30<\/strong><\/p>\n\n\n\n<p><strong>Biuro \/ sekretariat:<\/strong>&nbsp;Codziennie w godzinach&nbsp;<strong>8:00 \u2013 16:00<\/strong>&nbsp;(telefonicznie i mailowo)<\/p>\n\n\n\n<p class=\"has-foreground-color has-text-color has-extra-small-font-size\">Najlepszy czas na osobist\u0105 wizyt\u0119 lub d\u0142u\u017csz\u0105 rozmow\u0119 po wcze\u015bniejszym um\u00f3wieniu.<\/p>\n<\/div>\n\n\n\n<div class=\"wp-block-column is-layout-flow wp-block-column-is-layout-flow\">\n<p class=\"has-foreground-color has-text-color has-extra-small-font-size\"><strong>Um\u00f3w si\u0119 na wizyt\u0119<\/strong><\/p>\n\n\n\n<p class=\"has-foreground-color has-text-color has-extra-small-font-size\">Najlepszym sposobem, by poczu\u0107 wyj\u0105tkow\u0105 atmosfer\u0119 \u201ePyrka i Przyjaci\u00f3\u0142\u201d, jest osobista wizyta. <\/p>\n\n\n\n<p class=\"has-foreground-color has-text-color has-extra-small-font-size\"><strong>Podczas spotkania:<\/strong><\/p>\n\n\n\n<p class=\"has-foreground-color has-text-color has-extra-small-font-size\">B\u0119dziecie mogli zobaczy\u0107, jak bawi\u0105 si\u0119 i ucz\u0105 nasze dzieci. Poznacie nasz\u0105 kadr\u0119 i zwiedzicie przestronne sale. Odpowiemy szczeg\u00f3\u0142owo na wszystkie pytania. Przedstawimy program dnia oraz zasady adaptacji.<\/p>\n<\/div>\n<\/div>\n\n\n\n<div style=\"height:40px\" aria-hidden=\"true\" class=\"wp-block-spacer\"><\/div>\n\n\n\n<p class=\"has-text-align-center\"><strong>Zadzwo\u0144 lub napisz do nas, aby um\u00f3wi\u0107 si\u0119 na indywidualne spotkanie.<\/strong><\/p>\n\n\n\n<p><\/p>\n<\/div>\n","protected":false},"excerpt":{"rendered":"<p>Dane kontaktowe Niepubliczne Przedszkole \u201ePyrek i Przyjaciele\u201d ul. Mazowiecka 20, 60-617 Pozna\u0144. Telefon:&nbsp;+48 602 573 781E-mail:&nbsp;koszraf@poczta.onet.pl NIP:&nbsp;7822958566 Godziny otwarcia i dy\u017cury Przedszkole:&nbsp;Poniedzia\u0142ek \u2013 Pi\u0105tek,&nbsp;6:30 \u2013 17:30 Biuro \/ sekretariat:&nbsp;Codziennie w godzinach&nbsp;8:00 \u2013 16:00&nbsp;(telefonicznie i mailowo) Najlepszy czas na osobist\u0105 wizyt\u0119 lub d\u0142u\u017csz\u0105 rozmow\u0119 po wcze\u015bniejszym um\u00f3wieniu. Um\u00f3w si\u0119 na wizyt\u0119 Najlepszym sposobem, by poczu\u0107 wyj\u0105tkow\u0105 [&hellip;]<\/p>\n","protected":false},"author":1,"featured_media":0,"parent":0,"menu_order":0,"comment_status":"closed","ping_status":"closed","template":"","meta":{"footnotes":""},"class_list":["post-56","page","type-page","status-publish","hentry"],"_links":{"self":[{"href":"https:\/\/pyrekiprzyjaciele.pl\/index.php?rest_route=\/wp\/v2\/pages\/56","targetHints":{"allow":["GET"]}}],"collection":[{"href":"https:\/\/pyrekiprzyjaciele.pl\/index.php?rest_route=\/wp\/v2\/pages"}],"about":[{"href":"https:\/\/pyrekiprzyjaciele.pl\/index.php?rest_route=\/wp\/v2\/types\/page"}],"author":[{"embeddable":true,"href":"https:\/\/pyrekiprzyjaciele.pl\/index.php?rest_route=\/wp\/v2\/users\/1"}],"replies":[{"embeddable":true,"href":"https:\/\/pyrekiprzyjaciele.pl\/index.php?rest_route=%2Fwp%2Fv2%2Fcomments&post=56"}],"version-history":[{"count":10,"href":"https:\/\/pyrekiprzyjaciele.pl\/index.php?rest_route=\/wp\/v2\/pages\/56\/revisions"}],"predecessor-version":[{"id":260,"href":"https:\/\/pyrekiprzyjaciele.pl\/index.php?rest_route=\/wp\/v2\/pages\/56\/revisions\/260"}],"wp:attachment":[{"href":"https:\/\/pyrekiprzyjaciele.pl\/index.php?rest_route=%2Fwp%2Fv2%2Fmedia&parent=56"}],"curies":[{"name":"wp","href":"https:\/\/api.w.org\/{rel}","templated":true}]}}